{"id":310,"date":"2018-02-03T09:18:46","date_gmt":"2018-02-03T11:18:46","guid":{"rendered":"http:\/\/localhost\/cirurgiabariatrica\/?page_id=310"},"modified":"2018-03-02T19:23:00","modified_gmt":"2018-03-02T22:23:00","slug":"estudos","status":"publish","type":"page","link":"https:\/\/www.drmarcosreis.com.br\/cirurgiabariatrica\/estudos\/","title":{"rendered":"Produ\u00e7\u00e3o Cient\u00edfica"},"content":{"rendered":"<h2>Trabalhos cient\u00edficos publicados<\/h2>\n<ul>\n<li>Reis et al. Reconstru\u00e7\u00e3o abdominal tardia ap\u00f3s laparostomia: uma nova t\u00e9cnica. Rev Col Bras Cir.2006; vol 33, mai\/jun: 156-60. Baixe aqui<\/li>\n<li>Reis et al. Single incision laparoscopy using Sitraccport for large adrenal mass excision and cholecystectomy: a case report. Med J Obstet Gynecol 2(3):1039. Baixe aqui<\/li>\n<\/ul>\n<h2>Livros e cap\u00edtulos de livros<\/h2>\n<h3>Cap\u00edtulos de Livros publicados<\/h3>\n<ul>\n<li>Sistema de Educa\u00e7\u00e3o M\u00e9dica Continuada a Dist\u00e2ncia \u2013 PROACI (Programa de Atualiza\u00e7\u00e3o em Cirurgia) \u2013 Col\u00e9gio Brasileiro de Cirurgi\u00f5es \u2013 Ciclo 6 \u2013 m\u00f3dulo 2 Cap\u00edtulo \u2013 Tratamento n\u00e3o operat\u00f3rio do trauma hep\u00e1tico \u2013 pg 71<\/li>\n<li>Sistema de Educa\u00e7\u00e3o M\u00e9dica Continuada a Dist\u00e2ncia \u2013 PROACI (Programa de Atualiza\u00e7\u00e3o em Cirurgia) \u2013 Col\u00e9gio Brasileiro de Cirurgi\u00f5es \u2013 Ciclo 4 \u2013 m\u00f3dulo 3 Cap\u00edtulo \u2013 Atendimento inicial ao politraumatizado \u2013 pg 9<\/li>\n<li>Manual de Cl\u00ednica Cir\u00fargica em Ginecologia \u2013 MEDSI \u2013 1a edi\u00e7\u00e3o 2004 \u2013 Cap 9 \u2013 Dist\u00farbios hidro-eletrol\u00edticos no paciente cir\u00fargico<\/li>\n<li>Manual de Cirurgia Ginecol\u00f3gica \u2013 Medbook \u2013 1a edi\u00e7\u00e3o 2010 \u2013 Cap 4 \u2013 Aspectos gerais no p\u00f3s-operat\u00f3rio de cirurgias ginecol\u00f3gicas<\/li>\n<li>Manual de Urg\u00eancias em Pronto Socorro \u2013 Guanabara Koogan \u2013 9a edi\u00e7\u00e3o 2010 \u2013 Cap 13 \u2013 Traumatismo abdominal<\/li>\n<li>Manual de Urg\u00eancias em Pronto Socorro \u2013 Guanabara Koogan \u2013 9a edi\u00e7\u00e3o 2010 \u2013 Cap 15 \u2013 Traumatismo espl\u00eanico<\/li>\n<li>Manual de Urg\u00eancias em Pronto Socorro \u2013 Guanabara Koogan \u2013 9a edi\u00e7\u00e3o 2010 \u2013 Cap 18 \u2013 Traumatismo duodenal<\/li>\n<li>Atualidades em Cl\u00ednica Cir\u00fargica \u2013 Atheneu \u2013 edi\u00e7\u00e3o 2011 \u2013 Cap 3 \u2013 Trauma contuso do ba\u00e7o: quando operar?<\/li>\n<li>Atualidades em Cl\u00ednica Cir\u00fargica \u2013 Atheneu \u2013 edi\u00e7\u00e3o 2010 \u2013 Cap 5 \u2013 Reconstru\u00e7\u00e3o da parede abdominal p\u00f3s-peritoniostomia<\/li>\n<li>Projeto Trauma \u2013 Manual do Curso 2009 \u2013 CRMMG<\/li>\n<li>T\u00f3picos em Gastroenterologia 18 \u2013 80 quest\u00f5es comentadas em gastroenterologia \u2013 Cap 69 \u2013 Uso do sistema VAC em peritoneostomia: quando e como?<\/li>\n<li>Trauma \u2013 Sociedade Panamericana de Trauma \u2013 Atheneu \u2013 1a edi\u00e7\u00e3o \u2013 Cap 61 \u2013 Fal\u00eancia org\u00e2nica m\u00faltipla<\/li>\n<li>Traumatismo Duodenal. In: PIRES, M.T.B, Starling, S.V.. (Org.). Manual de Urg\u00eancias em Pronto Socorro. 10ed.: MEDSI, 2014, v. , p. 298-.<\/li>\n<li>Traumatismos Abdominal. In: PIRES, M.T.B, Starling, S.V.. (Org.). Manual de Urg\u00eancias em Pronto Socorro. 10ed.: MEDSI, 2014, v. , p. 242-.<\/li>\n<li>Traumatismo espl\u00eanico. In: PIRES, M.T.B, Starling, S.V.. (Org.). Manual de Urg\u00eancias em Pronto Socorro. 10ed.: Medsi, 2014, v. , p. 263-. Trauma contuso do ba\u00e7o: quando operar?. In: F Trauma contuso do ba\u00e7o: quando operar?. In: Fraga, G. P;Sev\u00e1-Pereira, G.;Lopes, L.R.. (Org.). Atualidades em Cl\u00ednica Cir\u00fargica. : Atheneu, 2011, v. , p. -.<\/li>\n<\/ul>\n<h2>Apresenta\u00e7\u00f5es em congressos<\/h2>\n<ul>\n<li>Figueiredo, J.; Zimmerer, B.; Valente, G.S.S.; Ferreira, P.; Barragat, A.; Reis, M.C.W., trabalho \u201cEXENTERA\u00c7\u00c3O P\u00c9LVICA TOTAL MASCULINA POR LAPAROSCOPIA, COMBINADA COM COLOSTOMIA \u00daMIDA PARA TARTAMENTO DE TUMOR DE RETO BAIXO LOCALMENTE AVAN\u00c7ADO\u201d apresentado na sess\u00e3o de v\u00eddeo livre do 12o Congresso regional de V\u00eddeocirurgia \u2013 Sobracil, Rio de Janeiro, 2011.<\/li>\n<li>Berindoague Neto, R.; Bretas, G.O.; Cruz, S.A.; Neiva, D.M.A.; Domingues Junior, J.C.; Reis, M.C.W.; Starling, S. V., trabalho \u201cTUMOR DE FRANTZ:NEOPLASIA RARA DO P\u00c2NCREAS\u201dapresentado como tema livre no X Congresso da Sociedade Brasileira de Cirurgia Oncol\u00f3gica e VII Gastrinca, Rio de Janeiro, 2011<\/li>\n<li>REIS, M.C.W.; SANTANA, DP e cols; Trabalho \u201cPARAGANGLIOMA RETROPERITONEAL SECRETOR \u2013 UM RELATO DE CASO\u201d apresentado no formato oral no X Congresso da Sociedade Brasileira de Cirurgia Oncol\u00f3gica, Rio de Janeiro, 2010.<\/li>\n<li>REIS, M.C.W.; SANTANA, DP e cols; Trabalho \u201cTUMOR DESM\u00d3IDE GIGANTE DE PAREDE ABDOMINAL EM PACIENTE PORTADOR DA S\u00cdNDROME DE GARDNER: UM RELATO DE CASO\u201d apresentado no formato de poster no X Congresso da Sociedade Brasileira de Cirurgia Oncol\u00f3gica, Rio de Janeiro, 2010<\/li>\n<li>Starling, S.V.; Santos, A.C.; Reis, M.C.W.; Magalh\u00e3es, E.A.; Ribeiro, G.J.; Medeiros, E.C., trabalho\u201dTRATAMENTO DO PSEUDO-ANEURISMA ESPL\u00caNICO DECORRENTE DE TRAUMA\u201dapresentado como tema livre oral no III Simp\u00f3sio do Setor IV do Col\u00e9gio Brasileiro de Cirurgi\u00f5es, Juiz de Fora 2008<\/li>\n<li>Starling, S.V.; Santos, A.C.; Reis, M.C.W.; Magalh\u00e3es, E.A.; Ribeiro, G.J.; Medeiros, E.C., trabalho\u201dRESULTADO DA UTILIZA\u00c7\u00c3O DA EMBOLIZA\u00c7\u00c3O DA ART\u00c9RIA ESPL\u00caNICA NO TRAUMA ESPL\u00caNICO\u201dapresentado como tema livre oral no III Simp\u00f3sio do Setor IV do Col\u00e9gio Brasileiro de Cirurgi\u00f5es, Juiz de Fora 2008<\/li>\n<li>Starling, S.V.; Santos, A.C.; Reis, M.C.W.; Magalh\u00e3es, E.A.; Ribeiro, G.J.; Medeiros, E.C., trabalho\u201dTRAUMA CERVICAL EVOLUINDO COM DISSEC\u00c7\u00c3O DE CAR\u00d3TIDA\u201dapresentado como tema livre oral no III Simp\u00f3sio do Setor IV do Col\u00e9gio Brasileiro de Cirurgi\u00f5es, Juiz de Fora 2008<\/li>\n<li>REIS, M.C.W.; SANTANA, DP e cols; Apresenta\u00e7\u00e3o do trabalho na forma de tema livre p\u00f4ster P.109 \u2013 \u201cH\u00c9RNIA INCISIONAL EM PORTAL LOMBAR PARA ACESSO V\u00cdDEO-ASSISTIDO A CISTO RENAL; RELATO DE CASO E REVIS\u00c3O DA LITERATURA\u201d, no CONGRESSO BRASILEIRO DE CIRURGIA GERAL \u2013 CIRURGIA 2006, certificado na qualidade de AUTOR DO P\u00d4STER, em Belo Horizonte, MG.<\/li>\n<li>REIS, M.C.W.; SANTANA, DP e cols; Apresenta\u00e7\u00e3o do trabalho na forma de tema livre p\u00f4ster P.110 \u2013 \u201cH\u00c9RNIA DE SPIEGEL; REVIS\u00c3O DA LITERATURA E RELATO DE CASOS\u201d, no CONGRESSO BRASILEIRO DE CIRURGIA GERAL \u2013 CIRURGIA 2006, certificado na qualidade de AUTOR DO P\u00d4STER, em Belo Horizonte, MG.<\/li>\n<li>REIS, M.C.W.; SANTANA, DP e cols; Apresenta\u00e7\u00e3o do trabalho na forma de tema livre p\u00f4ster P.111 \u2013 \u201cRECONSTRU\u00c7\u00c3O ABDOMINAL TARDIA SEM TENS\u00c3O AP\u00d3S LAPAROSTOMIA \u2013 UMA NOVA T\u00c9CNICA\u201d, no CONGRESSO BRASILEIRO DE CIRURGIA GERAL \u2013 CIRURGIA 2006, certificado na qualidade de AUTOR DO P\u00d4STER, em Belo Horizonte, MG.<\/li>\n<li>REIS, M.C.W.; SANTANA, DP e cols; Apresenta\u00e7\u00e3o do trabalho na forma de tema livre p\u00f4ster P.144 \u2013 \u201cFARINGOCOLOPLASTIA COM ANASTOMOSE MICROVASCULAR NO TRATAMENTO DA ESTENOSE C\u00c1USTICA DO ES\u00d4FAGO. RELATO DE CASO E REVIS\u00c3O DA LITERATURA\u201d, no CONGRESSO BRASILEIRO DE CIRURGIA GERAL \u2013 CIRURGIA 2006, certificado na qualidade de AUTOR DO P\u00d4STER, em Belo Horizonte, MG.<\/li>\n<li>REIS, M.C.W.; SANTANA, DP e cols; Apresenta\u00e7\u00e3o do trabalho na forma de tema livre p\u00f4ster P.177 \u2013 \u201cCARCINOMA DE C\u00d3RTEX DE SUPRA-RENAL METACR\u00d4NICO. RELATO DE CASO E REVIS\u00c3O DA LITERATURA\u201d, no CONGRESSO BRASILEIRO DE CIRURGIA GERAL \u2013 CIRURGIA 2006, certificado na qualidade de AUTOR DO P\u00d4STER, em Belo Horizonte, MG.<\/li>\n<li>REIS, M.C.W.; SANTANA, DP e cols; Apresenta\u00e7\u00e3o do trabalho na forma de tema livre p\u00f4ster P.234 \u2013 \u201cSCHWANOMA RETROPERITONEAL EM PACIENTES N\u00c3O PORTADORES DA DOEN\u00c7A DE VON RECKLINGHAUSEN \u2013 RELATO DE 5 CASOS\u201d, no CONGRESSO BRASILEIRO DE CIRURGIA GERAL \u2013 CIRURGIA 2006, certificado na qualidade de AUTOR DO P\u00d4STER, em Belo Horizonte, MG.<\/li>\n<li>REIS, M.C.W.; SANTANA, DP e cols; Apresenta\u00e7\u00e3o do trabalho na forma de tema livre p\u00f4ster P.277 \u2013 \u201cMELANOMA PRIM\u00c1RIO DE ES\u00d4FAGO. RELATO DE CASO E REVIS\u00c3O DA LITERATURA\u201d, no CONGRESSO BRASILEIRO DE CIRURGIA GERAL \u2013 CIRURGIA 2006, certificado na qualidade de AUTOR DO P\u00d4STER, em Belo Horizonte, MG<\/li>\n<li>REIS, M.C.W.; SANTANA, DP e cols; Apresenta\u00e7\u00e3o do trabalho na forma de tema livre p\u00f4ster P.278 \u2013 \u201cANASTOMOSE FARINGOG\u00c1STRICA TRANSORAL UTILIZANDO GRAMPEADOR CIRCULAR. RELATO DE CASO E REVIS\u00c3O DA LITERATURA\u201d, no CONGRESSO BRASILEIRO DE CIRURGIA GERAL \u2013 CIRURGIA 2006, certificado na qualidade de AUTOR DO P\u00d4STER, em Belo Horizonte, MG.<\/li>\n<\/ul>\n","protected":false},"excerpt":{"rendered":"<p>Trabalhos cient\u00edficos publicados Reis et al. Reconstru\u00e7\u00e3o abdominal tardia ap\u00f3s laparostomia: uma nova t\u00e9cnica. Rev Col Bras Cir.2006; vol 33, mai\/jun: 156-60. Baixe aqui Reis et al. Single incision laparoscopy using Sitraccport for large adrenal mass excision and cholecystectomy: a case report. Med J Obstet Gynecol 2(3):1039. Baixe aqui Livros e cap\u00edtulos de livros Cap\u00edtulos [&hellip;]<\/p>\n","protected":false},"author":1,"featured_media":0,"parent":0,"menu_order":0,"comment_status":"closed","ping_status":"closed","template":"","meta":{"_acf_changed":false,"footnotes":""},"class_list":["post-310","page","type-page","status-publish","hentry"],"acf":[],"_links":{"self":[{"href":"https:\/\/www.drmarcosreis.com.br\/cirurgiabariatrica\/wp-json\/wp\/v2\/pages\/310","targetHints":{"allow":["GET"]}}],"collection":[{"href":"https:\/\/www.drmarcosreis.com.br\/cirurgiabariatrica\/wp-json\/wp\/v2\/pages"}],"about":[{"href":"https:\/\/www.drmarcosreis.com.br\/cirurgiabariatrica\/wp-json\/wp\/v2\/types\/page"}],"author":[{"embeddable":true,"href":"https:\/\/www.drmarcosreis.com.br\/cirurgiabariatrica\/wp-json\/wp\/v2\/users\/1"}],"replies":[{"embeddable":true,"href":"https:\/\/www.drmarcosreis.com.br\/cirurgiabariatrica\/wp-json\/wp\/v2\/comments?post=310"}],"version-history":[{"count":1,"href":"https:\/\/www.drmarcosreis.com.br\/cirurgiabariatrica\/wp-json\/wp\/v2\/pages\/310\/revisions"}],"predecessor-version":[{"id":557,"href":"https:\/\/www.drmarcosreis.com.br\/cirurgiabariatrica\/wp-json\/wp\/v2\/pages\/310\/revisions\/557"}],"wp:attachment":[{"href":"https:\/\/www.drmarcosreis.com.br\/cirurgiabariatrica\/wp-json\/wp\/v2\/media?parent=310"}],"curies":[{"name":"wp","href":"https:\/\/api.w.org\/{rel}","templated":true}]}}