{"id":249,"date":"2018-02-02T18:52:05","date_gmt":"2018-02-02T20:52:05","guid":{"rendered":"http:\/\/localhost\/cirurgiabariatrica\/?page_id=249"},"modified":"2018-03-02T18:55:03","modified_gmt":"2018-03-02T21:55:03","slug":"pos-operatorio","status":"publish","type":"page","link":"https:\/\/www.drmarcosreis.com.br\/cirurgiabariatrica\/pos-operatorio\/","title":{"rendered":"P\u00f3s-Operat\u00f3rio"},"content":{"rendered":"<p>Aqueles que s\u00e3o submetidos \u00e0 cirurgia bari\u00e1trica precisam observar algumas orienta\u00e7\u00f5es m\u00e9dicas para evitar complica\u00e7\u00f5es.<\/p>\n<p>Fique atento aos sinais de alerta e orienta\u00e7\u00f5es da nossa equipe. Contate-nos imediatamente em caso de: dor abdominal que n\u00e3o cesse com os analg\u00e9sicos prescritos, febre, v\u00f4mitos, falta de ar, dor no peito, desmaios, taquicardia, etc;<\/p>\n<ol class=\"cuidados-pos-operatorio\">\n<li>As incis\u00f5es ser\u00e3o fechadas com pontos e cobertas com curativo durante as primeiras horas. \u00c9 comum que ocorra incha\u00e7o e equimose (\u201cazulado\u201d ou \u201croxo\u201d), assim como pequenos sangramentos. \u00c9 permitido tomar banho completo e molhar as incis\u00f5es. Seque normalmente com toalha, sem necessidade de cuidados especiais. No entanto, caso apare\u00e7am sintomas com dor, vermelhid\u00e3o, secre\u00e7\u00e3o purulenta ou com cheiro forte, contate imediatamente nossa equipe;<\/li>\n<li>Respire fundo tr\u00eas vezes a cada hora para expandir melhor o seu pulm\u00e3o e evitar complica\u00e7\u00f5es como a febre e a pneumonia;<\/li>\n<li>Evite ficar muito tempo deitado ou sentado. Procure andar v\u00e1rias vezes ao dia;<\/li>\n<li>\u00c9 comum sentir dor no ombro ap\u00f3s a laparoscopia. Essa dor \u00e9 consequ\u00eancia da distens\u00e3o do m\u00fasculo diafragma pelo g\u00e1s utilizado na opera\u00e7\u00e3o e geralmente desaparece em poucas horas ou dias;<\/li>\n<li>O cirurgi\u00e3o e o nutricionista ir\u00e3o te orientar sobre a dieta. Ela serve para que o paciente se adapte melhor ao novo est\u00f4mago, evitando complica\u00e7\u00f5es. Durante as duas primeiras semanas ap\u00f3s a opera\u00e7\u00e3o a consist\u00eancia da dieta ser\u00e1 l\u00edquida, em pequenos volumes e intervalos. A partir da\u00ed, a consist\u00eancia e o volume dos alimentos ser\u00e3o alterados gradativamente;<\/li>\n<li>Ap\u00f3s a alta hospitalar, ser\u00e3o prescritos analg\u00e9sicos para evitar a dor, anticoagulante para reduzir as chances de trombose ou embolia pulmonar e um redutor de acidez g\u00e1strica;<\/li>\n<li>Outras medica\u00e7\u00f5es utilizadas antes da opera\u00e7\u00e3o para o tratamento de doen\u00e7as associadas (diabetes, hipertens\u00e3o, etc.) devem ser reintroduzidas, por\u00e9m podem precisar ter suas doses ajustadas e ser\u00e3o analisadas caso a caso;<\/li>\n<li>\u00c9 desej\u00e1vel praticar exerc\u00edcios f\u00edsicos regularmente ap\u00f3s a opera\u00e7\u00e3o sob a orienta\u00e7\u00e3o de profissional adequado, mas somente ap\u00f3s a libera\u00e7\u00e3o pelo cirurgi\u00e3o respons\u00e1vel;<\/li>\n<li>\u00c9 necess\u00e1rio realizar um controle peri\u00f3dico atrav\u00e9s de consultas m\u00e9dicas, nutricionais e psicol\u00f3gicas, al\u00e9m de exames de sangue em intervalos determinados;<\/li>\n<li>A cirurgia bari\u00e1trica interfere n\u00e3o apenas na quantidade de nutrientes ingeridos, mas tamb\u00e9m na absor\u00e7\u00e3o de alguns elementos, sendo necess\u00e1ria a suplementa\u00e7\u00e3o de rotina de vitaminas e prote\u00ednas. Estas prescri\u00e7\u00f5es ser\u00e3o feitas pelo seu cirurgi\u00e3o e nutricionista;<\/li>\n<li>Em muitos casos, uma cirurgia pl\u00e1stica para a retirada do excesso de pele ser\u00e1 necess\u00e1ria. Esse procedimento poder\u00e1 ser feito quando a perda de peso estiver totalmente estabilizada, ou seja, depois de aproximadamente 18 meses da data da opera\u00e7\u00e3o;<\/li>\n<li>Mulheres que realizam cirurgia bari\u00e1trica devem aguardar pelo menos 18 meses antes de engravidar, pois a grande perda de peso que ocorre logo ap\u00f3s a opera\u00e7\u00e3o pode prejudicar o crescimento do feto e a sa\u00fade da m\u00e3e;<\/li>\n<li>As altera\u00e7\u00f5es na sua anatomia e no funcionamento do seu organismo decorrentes da cirurgia podem influenciar outros tratamentos que porventura voc\u00ea possa necessitar. N\u00e3o deixe de comunicar aos seus m\u00e9dicos.<\/li>\n<\/ol>\n<p><strong>N\u00e3o se esque\u00e7a de que essa opera\u00e7\u00e3o deve ser considerada somente como mais uma etapa do tratamento da obesidade m\u00f3rbida: a chave para o sucesso est\u00e1 no compromisso que ser\u00e1 assumido para toda a vida.<\/strong><\/p>\n","protected":false},"excerpt":{"rendered":"<p>Aqueles que s\u00e3o submetidos \u00e0 cirurgia bari\u00e1trica precisam observar algumas orienta\u00e7\u00f5es m\u00e9dicas para evitar complica\u00e7\u00f5es. Fique atento aos sinais de alerta e orienta\u00e7\u00f5es da nossa equipe. Contate-nos imediatamente em caso de: dor abdominal que n\u00e3o cesse com os analg\u00e9sicos prescritos, febre, v\u00f4mitos, falta de ar, dor no peito, desmaios, taquicardia, etc; As incis\u00f5es ser\u00e3o fechadas [&hellip;]<\/p>\n","protected":false},"author":1,"featured_media":0,"parent":0,"menu_order":0,"comment_status":"closed","ping_status":"closed","template":"","meta":{"_acf_changed":false,"footnotes":""},"class_list":["post-249","page","type-page","status-publish","hentry"],"acf":[],"_links":{"self":[{"href":"https:\/\/www.drmarcosreis.com.br\/cirurgiabariatrica\/wp-json\/wp\/v2\/pages\/249","targetHints":{"allow":["GET"]}}],"collection":[{"href":"https:\/\/www.drmarcosreis.com.br\/cirurgiabariatrica\/wp-json\/wp\/v2\/pages"}],"about":[{"href":"https:\/\/www.drmarcosreis.com.br\/cirurgiabariatrica\/wp-json\/wp\/v2\/types\/page"}],"author":[{"embeddable":true,"href":"https:\/\/www.drmarcosreis.com.br\/cirurgiabariatrica\/wp-json\/wp\/v2\/users\/1"}],"replies":[{"embeddable":true,"href":"https:\/\/www.drmarcosreis.com.br\/cirurgiabariatrica\/wp-json\/wp\/v2\/comments?post=249"}],"version-history":[{"count":1,"href":"https:\/\/www.drmarcosreis.com.br\/cirurgiabariatrica\/wp-json\/wp\/v2\/pages\/249\/revisions"}],"predecessor-version":[{"id":521,"href":"https:\/\/www.drmarcosreis.com.br\/cirurgiabariatrica\/wp-json\/wp\/v2\/pages\/249\/revisions\/521"}],"wp:attachment":[{"href":"https:\/\/www.drmarcosreis.com.br\/cirurgiabariatrica\/wp-json\/wp\/v2\/media?parent=249"}],"curies":[{"name":"wp","href":"https:\/\/api.w.org\/{rel}","templated":true}]}}